{"id":954,"date":"2026-03-09T01:13:47","date_gmt":"2026-03-09T01:13:47","guid":{"rendered":"https:\/\/indiramontoya.com\/?page_id=954"},"modified":"2026-03-14T00:29:53","modified_gmt":"2026-03-14T00:29:53","slug":"reverb","status":"publish","type":"page","link":"https:\/\/indiramontoya.com\/en\/reverb\/","title":{"rendered":"ReVerb"},"content":{"rendered":"","protected":false},"excerpt":{"rendered":"","protected":false},"author":1,"featured_media":0,"parent":0,"menu_order":1,"comment_status":"closed","ping_status":"closed","template":"","meta":[],"class_list":["post-954","page","type-page","status-publish","hentry"],"grid":"{\r\n  \"colCount\": 12,\r\n  \"colGutter\": 1,\r\n  \"rowGutters\": [\r\n    3,\r\n    3,\r\n    3,\r\n    3\r\n  ],\r\n  \"frameMargin\": 5,\r\n  \"leftFrameMargin\": 5,\r\n  \"rightFrameMargin\": 5,\r\n  \"topFrameMargin\": 40,\r\n  \"bottomFrameMargin\": 5,\r\n  \"rowAttrs\": [\r\n    {\r\n      \"relid\": 7\r\n    },\r\n    {\r\n      \"relid\": 3666\r\n    },\r\n    {\r\n      \"relid\": 4\r\n    },\r\n    {\r\n      \"relid\": 6\r\n    },\r\n    {\r\n      \"relid\": 9\r\n    }\r\n  ],\r\n  \"bgColor\": null,\r\n  \"bgImage\": null,\r\n  \"cont\": [\r\n    {\r\n      \"type\": \"elementgrid\",\r\n      \"cont\": \"\",\r\n      \"align\": \"top\",\r\n      \"row\": 0,\r\n      \"col\": 1,\r\n      \"colspan\": 2,\r\n      \"offsetx\": 0,\r\n      \"offsety\": 0,\r\n      \"spaceabove\": 0,\r\n      \"spacebelow\": 0,\r\n      \"yvel\": 1,\r\n      \"push\": 1,\r\n      \"relid\": 396,\r\n      \"config\": {\r\n        \"desktop\": {\r\n          \"colCount\": 1,\r\n          \"colGutter\": 1,\r\n          \"rowGutter\": 1,\r\n          \"colGutterMu\": \"%\",\r\n          \"rowGutterMu\": \"%\"\r\n        },\r\n        \"tablet\": {\r\n          \"colCount\": 2,\r\n          \"colGutter\": 1,\r\n          \"rowGutter\": 1,\r\n          \"colGutterMu\": \"%\",\r\n          \"rowGutterMu\": \"%\"\r\n        },\r\n        \"phone\": {\r\n          \"colCount\": 1,\r\n          \"colGutter\": 1,\r\n          \"rowGutter\": 1,\r\n          \"colGutterMu\": \"%\",\r\n          \"rowGutterMu\": \"%\"\r\n        },\r\n        \"layoutType\": \"masonry\",\r\n        \"elements\": [\r\n          {\r\n            \"type\": \"img\",\r\n            \"attid\": 955,\r\n            \"cont\": \"\/wp-content\/uploads\/2026\/03\/logo-reverb.jpg\",\r\n            \"sizes\": {\r\n              \"full\": \"\/wp-content\/uploads\/2026\/03\/logo-reverb.jpg\",\r\n              \"_265\": \"\/wp-content\/uploads\/2026\/03\/logo-reverb-265x322.jpg\"\r\n            },\r\n            \"w\": 313,\r\n            \"h\": 380,\r\n            \"ar\": 1.2140575079872205,\r\n            \"alt\": \"\"\r\n          },\r\n          {\r\n            \"cont\": \"<p>\u00a0<\/p><p class=\\\"_submenu\\\">Proyecto de Indira Montoya que re\u00fane recuerdos de performances presenciadas en distintos momentos y lugares, con el fin de conformar un archivo de memorias del arte de acci\u00f3n.<\/p><p class=\\\"_submenu\\\">Fase 1: Recolecci\u00f3n de recuerdos.<\/p><p>\u00a0<\/p><p><a href=\\\"https:\/\/forms.gle\/5Sha3mYnQC3J8YfKA\\\">Link al formulario<\/a><\/p>\",\r\n            \"type\": \"text\"\r\n          }\r\n        ],\r\n        \"addtostart\": false\r\n      },\r\n      \"absolute_position\": false\r\n    },\r\n    {\r\n      \"type\": \"text\",\r\n      \"cont\": \"<p>\u00a0<\/p><p>\u00a0<\/p><h1 class=\\\"_h1\\\"><span style=\\\"font-weight: 400;\\\">reVerb es un <span style=\\\"color: #ff0000;\\\">archivo de recuerdos de piezas de performance<\/span>.<\/span><\/h1><p><span style=\\\"font-weight: 400;\\\">Parte de una pregunta simple: \u00bfqu\u00e9 queda de una performance despu\u00e9s de finalizar?<\/span><\/p><p><span style=\\\"font-weight: 400;\\\">La performance ocurre en presencia: en un momento y en un lugar determinados, frente a un p\u00fablico reunido. Una vez terminada, \u00bfqu\u00e9 sucede? \u00bfContin\u00faa existiendo en la memoria de quienes asistieron? \u00bfSe reactiva y se actualiza cada vez que es recordada? \u00bfEsa memoria subjetiva es una forma de documentaci\u00f3n distribuida?<\/span><\/p><p><span style=\\\"font-weight: 400;\\\">No se trata de reconstruir las obras ni de corregir la memoria. El inter\u00e9s est\u00e1 en c\u00f3mo esas experiencias persisten, se desplazan y siguen actuando en el tiempo.<\/span><\/p><p><span style=\\\"font-weight: 400;\\\">El archivo se compone de relatos enviados por personas que han presenciado acciones perform\u00e1ticas en cualquier lugar y en cualquier momento. Cada entrada contiene dos zonas: un anclaje \u2014artista, obra, lugar y fecha aproximada\u2014 y el recuerdo mismo.\u00a0<\/span><\/p><p><span style=\\\"font-weight: 400;\\\">reVerb busca reunir esas persistencias que con el tiempo, podr\u00e1n encontrar nuevas formas de activarse: lecturas, publicaciones, acciones u otros dispositivos.<\/span><\/p><p><span style=\\\"font-weight: 400;\\\">Si quer\u00e9s compartir el recuerdo de una performance que hayas presenciado, es muy f\u00e1cil y pod\u00e9s hacerlo aqu\u00ed:<\/span><\/p><p><a href=\\\"https:\/\/forms.gle\/5Sha3mYnQC3J8YfKA\\\">Agregar un recuerdo al archivo<\/a><\/p>\",\r\n      \"align\": \"top\",\r\n      \"row\": 0,\r\n      \"col\": 4,\r\n      \"colspan\": 6,\r\n      \"offsetx\": 0,\r\n      \"offsety\": 0,\r\n      \"spaceabove\": 0,\r\n      \"spacebelow\": 0,\r\n      \"yvel\": 1,\r\n      \"push\": 1,\r\n      \"relid\": 5,\r\n      \"absolute_position\": false\r\n    },\r\n    {\r\n      \"type\": \"elementgrid\",\r\n      \"cont\": \"\",\r\n      \"align\": \"onethird\",\r\n      \"row\": 1,\r\n      \"col\": 1,\r\n      \"colspan\": 2,\r\n      \"offsetx\": 0,\r\n      \"offsety\": 0,\r\n      \"spaceabove\": 0,\r\n      \"spacebelow\": 0,\r\n      \"yvel\": 1,\r\n      \"push\": 1,\r\n      \"relid\": 393,\r\n      \"config\": {\r\n        \"desktop\": {\r\n          \"colCount\": 1,\r\n          \"colGutter\": 1,\r\n          \"rowGutter\": 1,\r\n          \"colGutterMu\": \"%\",\r\n          \"rowGutterMu\": \"%\"\r\n        },\r\n        \"tablet\": {\r\n          \"colCount\": 2,\r\n          \"colGutter\": 1,\r\n          \"rowGutter\": 1,\r\n          \"colGutterMu\": \"%\",\r\n          \"rowGutterMu\": \"%\"\r\n        },\r\n        \"phone\": {\r\n          \"colCount\": 1,\r\n          \"colGutter\": 1,\r\n          \"rowGutter\": 1,\r\n          \"colGutterMu\": \"%\",\r\n          \"rowGutterMu\": \"%\"\r\n        },\r\n        \"layoutType\": \"masonry\",\r\n        \"elements\": [\r\n          {\r\n            \"cont\": \"<p>Con el apoyo de:<\/p>\",\r\n            \"type\": \"text\"\r\n          },\r\n          {\r\n            \"type\": \"img\",\r\n            \"attid\": 957,\r\n            \"cont\": \"\/wp-content\/uploads\/2026\/03\/logotop.jpg\",\r\n            \"sizes\": {\r\n              \"full\": \"\/wp-content\/uploads\/2026\/03\/logotop.jpg\",\r\n              \"_768\": \"\/wp-content\/uploads\/2026\/03\/logotop-768x333.jpg\",\r\n              \"_512\": \"\/wp-content\/uploads\/2026\/03\/logotop-512x222.jpg\",\r\n              \"_265\": \"\/wp-content\/uploads\/2026\/03\/logotop-265x115.jpg\"\r\n            },\r\n            \"w\": 904,\r\n            \"h\": 392,\r\n            \"ar\": 0.4336283185840708,\r\n            \"alt\": \"\",\r\n            \"imagelink\": {\r\n              \"url\": \"https:\/\/hipermedula.org\/2026\/03\/reverb-convocatoria-de-recuerdos-de-performances-presenciadas\/\",\r\n              \"id\": null,\r\n              \"type\": \"\",\r\n              \"newtab\": false,\r\n              \"title\": \"\",\r\n              \"hoverimageid\": null,\r\n              \"hoverimagesmallsrc\": \"\"\r\n            }\r\n          }\r\n        ],\r\n        \"addtostart\": false\r\n      },\r\n      \"absolute_position\": false\r\n    },\r\n    {\r\n      \"type\": \"img\",\r\n      \"cont\": \"\/wp-content\/uploads\/2023\/02\/mequedo2.jpg\",\r\n      \"align\": \"top\",\r\n      \"row\": 1,\r\n      \"col\": 4,\r\n      \"colspan\": 6,\r\n      \"offsetx\": 0,\r\n      \"offsety\": 0,\r\n      \"spaceabove\": 0,\r\n      \"spacebelow\": 0,\r\n      \"yvel\": 1,\r\n      \"push\": 1,\r\n      \"relid\": 3667,\r\n      \"attid\": 151,\r\n      \"sizes\": {\r\n        \"full\": \"\/wp-content\/uploads\/2023\/02\/mequedo2.jpg\",\r\n        \"_1280\": \"\/wp-content\/uploads\/2023\/02\/mequedo2-1280x640.jpg\",\r\n        \"_1024\": \"\/wp-content\/uploads\/2023\/02\/mequedo2-1024x512.jpg\",\r\n        \"_768\": \"\/wp-content\/uploads\/2023\/02\/mequedo2-768x384.jpg\",\r\n        \"_512\": \"\/wp-content\/uploads\/2023\/02\/mequedo2-512x256.jpg\",\r\n        \"_265\": \"\/wp-content\/uploads\/2023\/02\/mequedo2-265x133.jpg\"\r\n      },\r\n      \"w\": 1920,\r\n      \"h\": 960,\r\n      \"ar\": 0.5,\r\n      \"alt\": \"\",\r\n      \"absolute_position\": false,\r\n      \"frameOverflow\": \"\"\r\n    },\r\n    {\r\n      \"type\": \"text\",\r\n      \"cont\": \"<h1 class=\\\"_h1\\\">Notas sueltas sobre performance<\/h1><p><span style=\\\"font-weight: 400;\\\">reVerb comenz\u00f3 a tomar forma en 2017 como una pregunta sobre la memoria de la performance: qu\u00e9 queda de una acci\u00f3n una vez que ha terminado y c\u00f3mo contin\u00faa existiendo en quienes la presenciaron.<\/span><\/p><p><span style=\\\"font-weight: 400;\\\">Hice un intento de desarrollar el proyecto y recib\u00ed algunos testimonios pero no pude darle continuidad. Mi trabajo con el cuerpo estaba a\u00fan en proceso y yo no sab\u00eda qu\u00e9 hacer con este futuro archivo.<\/span><\/p><p><span style=\\\"font-weight: 400;\\\">En mi propio trabajo como performer el registro nunca fue una prioridad. Entend\u00eda que la obra era ese momento espec\u00edfico\u00a0 y nunca m\u00e1s. La acci\u00f3n como agua del r\u00edo de Her\u00e1clito y su inmediato desvanecimiento.\u00a0<\/span><\/p><p><span style=\\\"font-weight: 400;\\\">El desvanecimiento de la acci\u00f3n no es necesariamente su final. Tal vez sea m\u00e1s bien un desplazamiento: la performance abandona el tiempo de la presencia y entra en otros tiempos, menos visibles, donde contin\u00faa actuando.<\/span><\/p><p><span style=\\\"font-weight: 400;\\\">Mi intuici\u00f3n es que la performance no sucede en su presente intr\u00ednseco, sino que ese es solo uno de sus tiempos y que otras temporalidades reconstituyen la obra ef\u00edmera y reactivan sus tejidos y funciones.<\/span><\/p><p><span style=\\\"font-weight: 400;\\\">La memoria en los cuerpos colindantes es uno de los materiales primordiales del arte de acci\u00f3n. Es uno de sus elementos transformativos. Como los comensales de un banquete cuyos cuerpos guardan en forma de elementos vitales lo que se comparti\u00f3 en esa comida, as\u00ed tendr\u00eda la performance una supervivencia \u00edntima y casi secreta. Un acto del arte que se disuelve en \u00e1tomos y deviene una reserva lejana, una cueva, un refugio.<\/span><\/p><p>\u00a0<\/p><p><span style=\\\"font-weight: 400;\\\">Recordamos a los amantes. Recordamos los juegos de la infancia. Recordamos el olor del hogar. El color de los lugares que habitamos. El tacto de alguna ropa, de animales, del agua, de muchas aguas diferentes.\u00a0<\/span><\/p><p>\u00a0<\/p><p><span style=\\\"font-weight: 400;\\\">Pienso que construir reVerb es poder tener y compartir un tesoro. Una memoria fragmentada, opaca, de ojos entrecerrados. Una supervivencia de rasgos vestigiales.\u00a0<\/span><\/p><p><span style=\\\"font-weight: 400;\\\">Convertirme en custodia de un archivo de fantasmagor\u00edas, guardiana de ondas que se propagan, desaparecen y vuelven otra vez.<\/span><\/p><p style=\\\"text-align: center;\\\"><span style=\\\"font-weight: 400;\\\">Indira Montoya - Marzo 2026<\/span><\/p>\",\r\n      \"align\": \"top\",\r\n      \"row\": 2,\r\n      \"col\": 4,\r\n      \"colspan\": 6,\r\n      \"offsetx\": 0,\r\n      \"offsety\": 0,\r\n      \"spaceabove\": 0,\r\n      \"spacebelow\": 0,\r\n      \"yvel\": 1,\r\n      \"push\": 4,\r\n      \"relid\": 8,\r\n      \"absolute_position\": false,\r\n      \"frameOverflow\": \"\"\r\n    },\r\n    {\r\n      \"type\": \"img\",\r\n      \"cont\": \"\/wp-content\/uploads\/2023\/02\/ORG_DSC02643-1.jpg\",\r\n      \"align\": \"bottom\",\r\n      \"row\": 3,\r\n      \"col\": 4,\r\n      \"colspan\": 6,\r\n      \"offsetx\": 0,\r\n      \"offsety\": 0,\r\n      \"spaceabove\": 0,\r\n      \"spacebelow\": 0,\r\n      \"yvel\": 1,\r\n      \"push\": 4,\r\n      \"relid\": 1356,\r\n      \"attid\": 570,\r\n      \"sizes\": {\r\n        \"full\": \"\/wp-content\/uploads\/2023\/02\/ORG_DSC02643-1.jpg\",\r\n        \"_1024\": \"\/wp-content\/uploads\/2023\/02\/ORG_DSC02643-1-1024x1536.jpg\",\r\n        \"_768\": \"\/wp-content\/uploads\/2023\/02\/ORG_DSC02643-1-768x1152.jpg\",\r\n        \"_512\": \"\/wp-content\/uploads\/2023\/02\/ORG_DSC02643-1-512x768.jpg\",\r\n        \"_265\": \"\/wp-content\/uploads\/2023\/02\/ORG_DSC02643-1-265x398.jpg\"\r\n      },\r\n      \"w\": 1280,\r\n      \"h\": 1920,\r\n      \"ar\": 1.5,\r\n      \"alt\": \"\",\r\n      \"absolute_position\": false,\r\n      \"frameOverflow\": \"\"\r\n    }\r\n  ]\r\n}","phonegrid":"","jetpack_sharing_enabled":true,"_links":{"self":[{"href":"https:\/\/indiramontoya.com\/en\/wp-json\/wp\/v2\/pages\/954","targetHints":{"allow":["GET"]}}],"collection":[{"href":"https:\/\/indiramontoya.com\/en\/wp-json\/wp\/v2\/pages"}],"about":[{"href":"https:\/\/indiramontoya.com\/en\/wp-json\/wp\/v2\/types\/page"}],"author":[{"embeddable":true,"href":"https:\/\/indiramontoya.com\/en\/wp-json\/wp\/v2\/users\/1"}],"replies":[{"embeddable":true,"href":"https:\/\/indiramontoya.com\/en\/wp-json\/wp\/v2\/comments?post=954"}],"version-history":[{"count":0,"href":"https:\/\/indiramontoya.com\/en\/wp-json\/wp\/v2\/pages\/954\/revisions"}],"wp:attachment":[{"href":"https:\/\/indiramontoya.com\/en\/wp-json\/wp\/v2\/media?parent=954"}],"curies":[{"name":"wp","href":"https:\/\/api.w.org\/{rel}","templated":true}]}}