{"id":6,"date":"2023-02-22T12:49:48","date_gmt":"2023-02-22T12:49:48","guid":{"rendered":"http:\/\/localhost\/indira\/?page_id=6"},"modified":"2026-04-04T18:07:46","modified_gmt":"2026-04-04T18:07:46","slug":"info","status":"publish","type":"page","link":"https:\/\/indiramontoya.com\/en\/info\/","title":{"rendered":"Info"},"content":{"rendered":"","protected":false},"excerpt":{"rendered":"","protected":false},"author":1,"featured_media":0,"parent":0,"menu_order":6,"comment_status":"closed","ping_status":"closed","template":"","meta":[],"class_list":["post-6","page","type-page","status-publish","hentry"],"grid":"{\r\n  \"colCount\": 12,\r\n  \"colGutter\": 1,\r\n  \"rowGutters\": [\r\n    3,\r\n    3,\r\n    1,\r\n    3,\r\n    3,\r\n    3,\r\n    3,\r\n    3,\r\n    3\r\n  ],\r\n  \"frameMargin\": 5,\r\n  \"leftFrameMargin\": 5,\r\n  \"rightFrameMargin\": 5,\r\n  \"topFrameMargin\": 1,\r\n  \"bottomFrameMargin\": 5,\r\n  \"rowAttrs\": [\r\n    {\r\n      \"relid\": 23\r\n    },\r\n    {\r\n      \"relid\": 770\r\n    },\r\n    {\r\n      \"relid\": 7\r\n    },\r\n    {\r\n      \"relid\": 15\r\n    },\r\n    {\r\n      \"relid\": 13\r\n    },\r\n    {\r\n      \"relid\": 16\r\n    },\r\n    {\r\n      \"relid\": 9\r\n    },\r\n    {\r\n      \"relid\": 22\r\n    },\r\n    {\r\n      \"relid\": 6\r\n    },\r\n    {\r\n      \"relid\": 11\r\n    }\r\n  ],\r\n  \"bgColor\": null,\r\n  \"bgImage\": null,\r\n  \"cont\": [\r\n    {\r\n      \"type\": \"img\",\r\n      \"cont\": \"\/wp-content\/uploads\/2026\/04\/IMG_1213.jpg\",\r\n      \"align\": \"top\",\r\n      \"row\": 0,\r\n      \"col\": 2,\r\n      \"colspan\": 6,\r\n      \"offsetx\": 0,\r\n      \"offsety\": 0,\r\n      \"spaceabove\": 0,\r\n      \"spacebelow\": 0,\r\n      \"yvel\": 1,\r\n      \"push\": 2,\r\n      \"relid\": 413,\r\n      \"attid\": 965,\r\n      \"sizes\": {\r\n        \"full\": \"\/wp-content\/uploads\/2026\/04\/IMG_1213.jpg\",\r\n        \"_1920\": \"\/wp-content\/uploads\/2026\/04\/IMG_1213-1920x2562.jpg\",\r\n        \"_1280\": \"\/wp-content\/uploads\/2026\/04\/IMG_1213-1280x1708.jpg\",\r\n        \"_1024\": \"\/wp-content\/uploads\/2026\/04\/IMG_1213-1024x1366.jpg\",\r\n        \"_768\": \"\/wp-content\/uploads\/2026\/04\/IMG_1213-768x1025.jpg\",\r\n        \"_512\": \"\/wp-content\/uploads\/2026\/04\/IMG_1213-512x683.jpg\",\r\n        \"_265\": \"\/wp-content\/uploads\/2026\/04\/IMG_1213-265x354.jpg\"\r\n      },\r\n      \"w\": 1930,\r\n      \"h\": 2575,\r\n      \"ar\": 1.33419689119171,\r\n      \"alt\": \"\",\r\n      \"absolute_position\": false,\r\n      \"frameOverflow\": \"\"\r\n    },\r\n    {\r\n      \"type\": \"text\",\r\n      \"cont\": \"<table border=\\\"0\\\" width=\\\"260\\\" height=\\\"274\\\"><tbody><tr><td style=\\\"background-color: #ffe0ed;\\\"><p><span style=\\\"font-size: 22px;\\\"><strong>Muestras en curso<\/strong><\/span><\/p><p><span style=\\\"font-size: 18px;\\\"><strong>Las m\u00e1quinas deseantes<\/strong>, Museo MAR, Mar del Plata - <span style=\\\"text-indent: 0em; font-family: inherit; letter-spacing: 0.03em;\\\">Abril 2026. <\/span><\/span><\/p><p><span style=\\\"font-size: 18px;\\\"><span style=\\\"text-indent: 0em; font-family: inherit; letter-spacing: 0.03em;\\\">Curadur\u00eda:<br \/><\/span><span style=\\\"text-indent: 0em; font-family: inherit; letter-spacing: 0.03em;\\\"> Agustina Rinaldi. <\/span><\/span><\/p><p><span style=\\\"font-size: 18px;\\\"><a style=\\\"text-indent: 0em; font-family: inherit; letter-spacing: 0.03em;\\\" rel=\\\"noopener\\\" href=\\\"https:\/\/www.pleamarorg.com\/\\\" target=\\\"_blank\\\">Festival Pleamar<\/a><\/span><\/p><\/td><\/tr><\/tbody><\/table>\",\r\n      \"align\": \"onethird\",\r\n      \"row\": 0,\r\n      \"col\": 9,\r\n      \"colspan\": 3,\r\n      \"offsetx\": 0,\r\n      \"offsety\": 0,\r\n      \"spaceabove\": 0,\r\n      \"spacebelow\": 0,\r\n      \"yvel\": 1,\r\n      \"push\": 1,\r\n      \"relid\": 12,\r\n      \"absolute_position\": false,\r\n      \"frameOverflow\": \"\"\r\n    },\r\n    {\r\n      \"type\": \"text\",\r\n      \"cont\": \"<p class=\\\"font-claude-response-body break-words whitespace-normal leading-[1.7]\\\"><span style=\\\"font-size: 23px;\\\"><strong>Indira Montoya<\/strong> trabaja con lo casi irrecuperable: paisajes, cuerpos, historias. Construye archivos especulativos sobre la desaparici\u00f3n del mundo \u2014 una pr\u00e1ctica expandida que abarca performance, instalaci\u00f3n, dibujo, escritura, m\u00fasica experimental, textil, escultura, y mundos construidos con motores de videojuegos, medio que define gran parte de su trabajo m\u00e1s reciente.<\/span><\/p><p class=\\\"font-claude-response-body break-words whitespace-normal leading-[1.7]\\\"><span style=\\\"font-size: 23px;\\\">Su trabajo se organiza en series que operan como biomas: ecolog\u00edas de piezas que se afectan entre s\u00ed y las otras series futuras o pasadas.<\/span><\/p><p class=\\\"font-claude-response-body break-words whitespace-normal leading-[1.7]\\\"><span style=\\\"font-size: 23px;\\\">Lo no humano \u2014 el monte, los animales, el tiempo geol\u00f3gico \u2014 es el territorio al que su obra llega en solidaridad po\u00e9tica.<\/span><\/p><p class=\\\"font-claude-response-body break-words whitespace-normal leading-[1.7]\\\"><span style=\\\"font-size: 23px;\\\">Descendiente de inmigrantes sirios llegados a Argentina a principios del siglo XX, lleva consigo una condici\u00f3n de traducci\u00f3n permanente: la interpretaci\u00f3n de signos distantes, a menudo ilegibles.<\/span><\/p><p class=\\\"font-claude-response-body break-words whitespace-normal leading-[1.7]\\\"><span style=\\\"font-size: 23px;\\\">Cofundadora de <a rel=\\\"noopener\\\" href=\\\"https:\/\/hipermedula.org\\\" target=\\\"_blank\\\"><strong>hipermedula.org<\/strong><\/a> \u2014 plataforma editorial y cultural iberoamericana activa desde 2010 que opera como archivo vivo de la escena de las artes visuales y sonoras de la regi\u00f3n. Uno de los proyectos de comunicaci\u00f3n cultural con mayor continuidad y alcance en Iberoam\u00e9rica.<\/span><\/p><p class=\\\"font-claude-response-body break-words whitespace-normal leading-[1.7]\\\"><span style=\\\"font-size: 23px;\\\">Formada originalmente en la m\u00fasica, su pr\u00e1ctica se nutri\u00f3 de las cl\u00ednicas de Remo Bianchedi, An\u00edbal Buede, Soledad S\u00e1nchez Goldar, Gabriela Halac, Lucas di Pascuale y Guillermo G\u00f3mez Pe\u00f1a, entre otrxs.<\/span><\/p><p>Es miembro del ensamble de m\u00fasica contempor\u00e1nea <a rel=\\\"noopener\\\" href=\\\"https:\/\/www.suonomobileargentina.com.ar\/indiramontoya\\\" target=\\\"_blank\\\">SUONO MOBILE argentina<\/a><\/p><p class=\\\"font-claude-response-body break-words whitespace-normal leading-[1.7]\\\"><span style=\\\"font-size: 23px;\\\">Desde 2017, integra el proyecto de investigaci\u00f3n y creaci\u00f3n esc\u00e9nica \\\"<strong>Escrituras perform\u00e1ticas: cuerpo y acci\u00f3n en efimerodramas<\/strong>\\\" junto a Soledad S\u00e1nchez Goldar, Rodolfo Oss\u00e9s, Luciana Sastre y Sebasti\u00e1n Huber.<\/span><\/p><p>\u00a0<\/p><p>Vive y trabaja en C\u00f3rdoba, Argentina, con presencia peri\u00f3dica en otras ciudades.<\/p>\",\r\n      \"align\": \"top\",\r\n      \"row\": 1,\r\n      \"col\": 2,\r\n      \"colspan\": 7,\r\n      \"offsetx\": 0,\r\n      \"offsety\": 0,\r\n      \"spaceabove\": 0,\r\n      \"spacebelow\": 0,\r\n      \"yvel\": 1,\r\n      \"push\": 2,\r\n      \"relid\": 5,\r\n      \"absolute_position\": false\r\n    },\r\n    {\r\n      \"type\": \"img\",\r\n      \"cont\": \"\/wp-content\/uploads\/2023\/03\/fondo2.jpg\",\r\n      \"align\": \"top\",\r\n      \"row\": 2,\r\n      \"col\": 2,\r\n      \"colspan\": 3,\r\n      \"offsetx\": 0,\r\n      \"offsety\": 0,\r\n      \"spaceabove\": 0,\r\n      \"spacebelow\": 0,\r\n      \"yvel\": 1,\r\n      \"push\": 2,\r\n      \"relid\": 392,\r\n      \"attid\": 760,\r\n      \"sizes\": {\r\n        \"full\": \"\/wp-content\/uploads\/2023\/03\/fondo2.jpg\",\r\n        \"_1024\": \"\/wp-content\/uploads\/2023\/03\/fondo2-1024x1358.jpg\",\r\n        \"_768\": \"\/wp-content\/uploads\/2023\/03\/fondo2-768x1019.jpg\",\r\n        \"_512\": \"\/wp-content\/uploads\/2023\/03\/fondo2-512x679.jpg\",\r\n        \"_265\": \"\/wp-content\/uploads\/2023\/03\/fondo2-265x352.jpg\"\r\n      },\r\n      \"w\": 1060,\r\n      \"h\": 1406,\r\n      \"ar\": 1.3264150943396227,\r\n      \"alt\": \"\",\r\n      \"absolute_position\": false\r\n    },\r\n    {\r\n      \"type\": \"text\",\r\n      \"cont\": \"<p class=\\\"font-claude-response-body break-words whitespace-normal leading-[1.7]\\\"><strong>Premios y becas<\/strong><\/p><p><span>Finalista <strong>CIFO-Ars Electronica Award<\/strong> 2026<\/span><\/p><p class=\\\"font-claude-response-body break-words whitespace-pre-wrap leading-[1.7]\\\">Ganadora <strong>Primer Premio Fundaci\u00f3n Andreani<\/strong>, Arte ciencia y tecnolog\u00eda, 2023<\/p><p class=\\\"font-claude-response-body break-words whitespace-pre-wrap leading-[1.7]\\\">Ganadora <strong>Primer Premio CCEBA Media Lab<\/strong> Apoyo a la producci\u00f3n, 2024<\/p><p class=\\\"font-claude-response-body break-words whitespace-pre-wrap leading-[1.7]\\\">Becaria Presente Continuo, Fundaci\u00f3n Williams, Fundaci\u00f3n Bunge y Born, <span style=\\\"letter-spacing: 0.03em; text-indent: 0em;\\\">2024 <\/span><\/p><p class=\\\"font-claude-response-body break-words whitespace-pre-wrap leading-[1.7]\\\"><span style=\\\"letter-spacing: 0.03em; text-indent: 0em;\\\">Ganadora de la Beca de creaci\u00f3n Fondo Nacional de las Artes, 2019<\/span><\/p>\",\r\n      \"align\": \"top\",\r\n      \"row\": 2,\r\n      \"col\": 5,\r\n      \"colspan\": 4,\r\n      \"offsetx\": 0,\r\n      \"offsety\": 0,\r\n      \"spaceabove\": 0,\r\n      \"spacebelow\": 0,\r\n      \"yvel\": 1,\r\n      \"push\": 0,\r\n      \"relid\": 20,\r\n      \"absolute_position\": false\r\n    },\r\n    {\r\n      \"type\": \"text\",\r\n      \"cont\": \"<h1 class=\\\"_h1\\\" dir=\\\"ltr\\\"><span>\u00daltimas muestras individuales:<\/span><\/h1><p dir=\\\"ltr\\\"><strong>Nadie Canta<\/strong>, curadur\u00eda de Laura Buccellato, Fundaci\u00f3n Andreani, 2024<\/p><p dir=\\\"ltr\\\"><strong>El monte impronunciable<\/strong>, Museo de las Mujeres, C\u00f3rdoba, 2023<\/p><p dir=\\\"ltr\\\"><strong>Materiales para una gram\u00e1tica del cuerpo<\/strong>, curadur\u00eda de An\u00edbal Buede, La C\u00fapula, Octubre - Noviembre 2017<\/p><p dir=\\\"ltr\\\"><strong>Mi patria de Espinas<\/strong>, Museo Genaro P\u00e9rez, C\u00f3rdoba, Julio 2016, curadur\u00eda de Claudia Santanera<\/p>\",\r\n      \"align\": \"top\",\r\n      \"row\": 3,\r\n      \"col\": 2,\r\n      \"colspan\": 7,\r\n      \"offsetx\": 0,\r\n      \"offsety\": 0,\r\n      \"spaceabove\": 0,\r\n      \"spacebelow\": 0,\r\n      \"yvel\": 1,\r\n      \"push\": 2,\r\n      \"relid\": 17,\r\n      \"absolute_position\": false,\r\n      \"frameOverflow\": \"\"\r\n    },\r\n    {\r\n      \"type\": \"text\",\r\n      \"cont\": \"<h1 class=\\\"_h1\\\">Muestras colectivas recientes<\/h1><p class=\\\"font-claude-response-body break-words whitespace-normal leading-[1.7]\\\"><strong>BIENALSUR 2025<\/strong><\/p><ul class=\\\"[li_&amp;]:mb-0 [li_&amp;]:mt-1 [li_&amp;]:gap-1 [&amp;:not(:last-child)_ul]:pb-1 [&amp;:not(:last-child)_ol]:pb-1 list-disc flex flex-col gap-1 pl-8 mb-3\\\"><li class=\\\"whitespace-normal break-words pl-2\\\">Un mundo feliz, 21\/07\/2025<\/li><li class=\\\"whitespace-normal break-words pl-2\\\">Fragmentos de un presente a la deriva, 17\/07\/2025<\/li><\/ul><p><strong>Pinta BAphoto 2025 <\/strong><span>Secci\u00f3n NEXT -| Fuera de foco, curadur\u00eda de Joaqu\u00edn Rodr\u00edguez y Carlos Guti\u00e9rrez<\/span><\/p><p><strong>Proyecto Theremin,<\/strong> concierto XX aniversario de SUONO MOBILE argentina, Noviembre 2025, Centro Cultural C\u00f3rdoba<\/p><p><strong>Mito e Interfaz <\/strong>Aura Gallery - Julio 2025 - E<span>xhibici\u00f3n colectiva de Indira Montoya, Marina Ercole y Celeste Mart\u00ednez Abburr\u00e1.<\/span><br \/><a href=\\\"https:\/\/auravirtualgallery.com\/indira-montoya\/\u00a0\\\">https:\/\/auravirtualgallery.com\/indira-montoya\/\u00a0<\/a><\/p><p dir=\\\"ltr\\\"><strong>Memorias en Gestaci\u00f3n<\/strong>, en Centro Cultural Recoleta - <a href=\\\"http:\/\/centroculturalrecoleta.org\/agenda\/memorias-en-gestacion\\\">http:\/\/centroculturalrecoleta.org\/agenda\/memorias-en-gestacion<\/a> Noviembre 2024 - Marzo 2025<\/p><p dir=\\\"ltr\\\"><strong>Generativa<\/strong>, colectiva en Bithouse <a href=\\\"https:\/\/www.instagram.com\/bithouse.com.ar\/\\\">https:\/\/www.instagram.com\/bithouse.com.ar\/<\/a>, curado por Capital Creativo EGC\u00a0 - Noviembre 2024 - Marzo 2025 <a href=\\\"https:\/\/www.instagram.com\/reel\/DFLXGDhhI9W\/\\\">https:\/\/www.instagram.com\/reel\/DFLXGDhhI9W\/<\/a><\/p>\",\r\n      \"align\": \"top\",\r\n      \"row\": 4,\r\n      \"col\": 2,\r\n      \"colspan\": 8,\r\n      \"offsetx\": 0,\r\n      \"offsety\": 0,\r\n      \"spaceabove\": 0,\r\n      \"spacebelow\": 0,\r\n      \"yvel\": 1,\r\n      \"push\": 2,\r\n      \"relid\": 14,\r\n      \"absolute_position\": false\r\n    },\r\n    {\r\n      \"type\": \"text\",\r\n      \"cont\": \"<p class=\\\"font-claude-response-body break-words whitespace-normal leading-[1.7]\\\"><strong>Curadur\u00eda<\/strong><\/p><p class=\\\"font-claude-response-body break-words whitespace-normal leading-[1.7]\\\">Curadora, coordinadora y jurado en <strong>Cocechar\u00e1s tu ciencia<\/strong>, muestra de Arte ciencia y tecnolog\u00eda en Museo Evita Palacio Ferreyra, Noviembre 2024 - Marzo 2025\u00a0 <a href=\\\"https:\/\/indiramontoya.com\/cosecharas-tu-ciencia-ciencia-arte-y-tecnologia-noviembre-2024-marzo-2025\/\\\" data-id=\\\"882\\\" data-title=\\\"Cosechar\u00e1s tu ciencia- Ciencia arte y tecnolog\u00eda - Noviembre 2024 - Marzo 2025\\\" data-catid=\\\"[31]\\\" data-type=\\\"project\\\">\/\/TXT<\/a><\/p><p class=\\\"font-claude-response-body break-words whitespace-normal leading-[1.7]\\\">Acompa\u00f1amiento curatorial, <strong>Hay un jard\u00edn bajo la tierra<\/strong>, de Claudia Santanera. Museo de Bellas Artes Evita, Palacio Ferreyra, C\u00f3rdoba, Septiembre 2025 <a href=\\\"https:\/\/indiramontoya.com\/hay-un-jardin-bajo-la-tierra\/\\\" data-id=\\\"962\\\" data-title=\\\"Hay un jard\u00edn bajo la tierra\\\" data-catid=\\\"[31]\\\" data-type=\\\"project\\\">\/\/TXT<\/a><\/p><p class=\\\"font-claude-response-body break-words whitespace-normal leading-[1.7]\\\">Curadora junto con Luis Ignacio Garc\u00eda de la muestra <strong>Recomienzo Continuo<\/strong>, di\u00e1logo de colecciones, Museo Genaro P\u00e9rez y Museo Tamburini, y la muestra <strong>Lo visible y lo invisible<\/strong>, itinerancia de Palais de Glace en espacios culturales y museos de la provincia de C\u00f3rdoba.\u00a0<\/p>\",\r\n      \"align\": \"top\",\r\n      \"row\": 5,\r\n      \"col\": 2,\r\n      \"colspan\": 8,\r\n      \"offsetx\": 0,\r\n      \"offsety\": 0,\r\n      \"spaceabove\": 0,\r\n      \"spacebelow\": 0,\r\n      \"yvel\": 1,\r\n      \"push\": 2,\r\n      \"relid\": 18,\r\n      \"absolute_position\": false\r\n    },\r\n    {\r\n      \"type\": \"text\",\r\n      \"cont\": \"<p><strong>Instagram:<\/strong><\/p><p><a href=\\\"https:\/\/www.instagram.com\/indirammontoya\\\">https:\/\/www.instagram.com\/indirammontoya<\/a><a href=\\\"https:\/\/www.artstation.com\/indiramm\\\"><\/a><\/p><p>\u00a0<\/p><h1 class=\\\"_h1\\\">Prensa<\/h1><ul><li><p class=\\\"_Default\\\"><a href=\\\"https:\/\/www.lavoz.com.ar\/cultura\/la-artista-cordobesa-indira-montoya-y-su-obra-monumental-a-las-puertas-del-riachuelo\/\\\"><span style=\\\"font-size: 21px;\\\">Nadie Canta, una obra monumental de la artista cordobesa Indira Montoya a las puertas del Riachuelo Por Natalia Albanese Gisbert<\/span><\/a><\/p><\/li><li class=\\\"LC20lb MBeuO DKV0Md\\\"><a href=\\\"https:\/\/www.cba24n.com.ar\/especiales-cba24n\/indira-montoya--con-el-cuerpo-hasta-sangrar-_a643940e83237d876510579d3\\\">Indira Montoya: con el cuerpo hasta sangrar<\/a><\/li><li><a href=\\\"https:\/\/www.lavoz.com.ar\/vos\/artes\/la-obra-premiada-de-indira-montoya-requiem-por-la-vida-quemada\/\\\">Indira Montoya. R\u00e9quiem por la vida quemada<\/a><\/li><li><a href=\\\"https:\/\/www.fundacionandreani.org.ar\/nadie-canta-(e501)\\\">Fundaci\u00f3n\u00a0 Andreani - Nadie Canta<\/a><\/li><li class=\\\"storyTitle\\\"><a href=\\\"https:\/\/www.clarin.com\/cultura\/distopias-dispositivos-maquinas-dialogan-arte_0_fuLYuLluqE.html\\\">De distop\u00edas, dispositivos y otras m\u00e1quinas que dialogan con el arte<\/a><\/li><\/ul>\",\r\n      \"align\": \"top\",\r\n      \"row\": 6,\r\n      \"col\": 2,\r\n      \"colspan\": 8,\r\n      \"offsetx\": 0,\r\n      \"offsety\": 0,\r\n      \"spaceabove\": 0,\r\n      \"spacebelow\": 0,\r\n      \"yvel\": 1,\r\n      \"push\": 2,\r\n      \"relid\": 10,\r\n      \"absolute_position\": false\r\n    },\r\n    {\r\n      \"type\": \"img\",\r\n      \"cont\": \"\/wp-content\/uploads\/2026\/04\/cuadro13.0021.jpg\",\r\n      \"align\": \"top\",\r\n      \"row\": 7,\r\n      \"col\": 1,\r\n      \"colspan\": 6,\r\n      \"offsetx\": 0,\r\n      \"offsety\": 0,\r\n      \"spaceabove\": 0,\r\n      \"spacebelow\": 0,\r\n      \"yvel\": 1,\r\n      \"push\": 1,\r\n      \"relid\": 567,\r\n      \"attid\": 973,\r\n      \"sizes\": {\r\n        \"full\": \"\/wp-content\/uploads\/2026\/04\/cuadro13.0021.jpg\",\r\n        \"_4096\": \"\/wp-content\/uploads\/2026\/04\/cuadro13.0021-4096x2304.jpg\",\r\n        \"_3840\": \"\/wp-content\/uploads\/2026\/04\/cuadro13.0021-3840x2160.jpg\",\r\n        \"_3200\": \"\/wp-content\/uploads\/2026\/04\/cuadro13.0021-3200x1800.jpg\",\r\n        \"_2560\": \"\/wp-content\/uploads\/2026\/04\/cuadro13.0021-2560x1440.jpg\",\r\n        \"_1920\": \"\/wp-content\/uploads\/2026\/04\/cuadro13.0021-1920x1080.jpg\",\r\n        \"_1280\": \"\/wp-content\/uploads\/2026\/04\/cuadro13.0021-1280x720.jpg\",\r\n        \"_1024\": \"\/wp-content\/uploads\/2026\/04\/cuadro13.0021-1024x576.jpg\",\r\n        \"_768\": \"\/wp-content\/uploads\/2026\/04\/cuadro13.0021-768x432.jpg\",\r\n        \"_512\": \"\/wp-content\/uploads\/2026\/04\/cuadro13.0021-512x288.jpg\",\r\n        \"_265\": \"\/wp-content\/uploads\/2026\/04\/cuadro13.0021-265x149.jpg\"\r\n      },\r\n      \"w\": 7680,\r\n      \"h\": 4320,\r\n      \"ar\": 0.5625,\r\n      \"alt\": \"\",\r\n      \"absolute_position\": false,\r\n      \"imagelink\": {\r\n        \"url\": \"\/el-monte-impronunciable-serie\/\",\r\n        \"id\": 790,\r\n        \"type\": \"project\",\r\n        \"newtab\": false,\r\n        \"title\": \"El monte impronunciable. (Serie)\",\r\n        \"catid\": [\r\n          5,\r\n          4\r\n        ],\r\n        \"hoverimageid\": null,\r\n        \"hoverimagesmallsrc\": \"\"\r\n      }\r\n    },\r\n    {\r\n      \"type\": \"text\",\r\n      \"cont\": \"<p><span style=\\\"font-size: 24px;\\\"><a href=\\\"https:\/\/indiramontoya.com\/el-monte-impronunciable-serie\/\\\" data-id=\\\"790\\\" data-title=\\\"El monte impronunciable. (Serie)\\\" data-catid=\\\"[5,4]\\\" data-type=\\\"project\\\">ver proyecto <\/a><\/span><\/p><p><span style=\\\"font-size: 24px;\\\"><a href=\\\"https:\/\/indiramontoya.com\/el-monte-impronunciable-serie\/\\\" data-id=\\\"790\\\" data-title=\\\"El monte impronunciable. (Serie)\\\" data-catid=\\\"[5,4]\\\" data-type=\\\"project\\\">El monte impronunciable<\/a><\/span><\/p>\",\r\n      \"align\": \"onethird\",\r\n      \"row\": 7,\r\n      \"col\": 7,\r\n      \"colspan\": 4,\r\n      \"offsetx\": 0,\r\n      \"offsety\": 0,\r\n      \"spaceabove\": 0,\r\n      \"spacebelow\": 0,\r\n      \"yvel\": 1,\r\n      \"push\": 0,\r\n      \"relid\": 4,\r\n      \"absolute_position\": false,\r\n      \"frameOverflow\": \"\"\r\n    },\r\n    {\r\n      \"type\": \"text\",\r\n      \"cont\": \"<p>direcci\u00f3n de contacto: indirammontoya [at] gmail.com<\/p>\",\r\n      \"align\": \"onethird\",\r\n      \"row\": 8,\r\n      \"col\": 1,\r\n      \"colspan\": 6,\r\n      \"offsetx\": 0,\r\n      \"offsety\": 0,\r\n      \"spaceabove\": 0,\r\n      \"spacebelow\": 0,\r\n      \"yvel\": 1,\r\n      \"push\": 1,\r\n      \"relid\": 8,\r\n      \"absolute_position\": false,\r\n      \"frameOverflow\": \"\"\r\n    },\r\n    {\r\n      \"type\": \"elementgrid\",\r\n      \"cont\": \"\",\r\n      \"align\": \"top\",\r\n      \"row\": 9,\r\n      \"col\": 1,\r\n      \"colspan\": 10,\r\n      \"offsetx\": 0,\r\n      \"offsety\": 0,\r\n      \"spaceabove\": 0,\r\n      \"spacebelow\": 0,\r\n      \"yvel\": 1,\r\n      \"push\": 1,\r\n      \"relid\": 2503,\r\n      \"config\": {\r\n        \"desktop\": {\r\n          \"colCount\": 4,\r\n          \"colGutter\": 1,\r\n          \"rowGutter\": 1,\r\n          \"colGutterMu\": \"%\",\r\n          \"rowGutterMu\": \"%\"\r\n        },\r\n        \"tablet\": {\r\n          \"colCount\": 2,\r\n          \"colGutter\": 1,\r\n          \"rowGutter\": 1,\r\n          \"colGutterMu\": \"%\",\r\n          \"rowGutterMu\": \"%\"\r\n        },\r\n        \"phone\": {\r\n          \"colCount\": 1,\r\n          \"colGutter\": 1,\r\n          \"rowGutter\": 1,\r\n          \"colGutterMu\": \"%\",\r\n          \"rowGutterMu\": \"%\"\r\n        },\r\n        \"layoutType\": \"masonry\",\r\n        \"elements\": [\r\n          {\r\n            \"type\": \"img\",\r\n            \"attid\": 971,\r\n            \"cont\": \"\/wp-content\/uploads\/2026\/04\/IMG_1302-rotated.jpg\",\r\n            \"sizes\": {\r\n              \"full\": \"\/wp-content\/uploads\/2026\/04\/IMG_1302-rotated.jpg\",\r\n              \"_2560\": \"\/wp-content\/uploads\/2026\/04\/IMG_1302-2560x3413.jpg\",\r\n              \"_1920\": \"\/wp-content\/uploads\/2026\/04\/IMG_1302-1920x2560.jpg\",\r\n              \"_1280\": \"\/wp-content\/uploads\/2026\/04\/IMG_1302-1280x1707.jpg\",\r\n              \"_1024\": \"\/wp-content\/uploads\/2026\/04\/IMG_1302-1024x1365.jpg\",\r\n              \"_768\": \"\/wp-content\/uploads\/2026\/04\/IMG_1302-768x1024.jpg\",\r\n              \"_512\": \"\/wp-content\/uploads\/2026\/04\/IMG_1302-512x683.jpg\",\r\n              \"_265\": \"\/wp-content\/uploads\/2026\/04\/IMG_1302-265x353.jpg\"\r\n            },\r\n            \"w\": 3024,\r\n            \"h\": 4032,\r\n            \"ar\": 1.3333333333333333,\r\n            \"alt\": \"\"\r\n          },\r\n          {\r\n            \"type\": \"img\",\r\n            \"attid\": 970,\r\n            \"cont\": \"\/wp-content\/uploads\/2026\/04\/IMG_0292.jpg\",\r\n            \"sizes\": {\r\n              \"full\": \"\/wp-content\/uploads\/2026\/04\/IMG_0292.jpg\",\r\n              \"_3840\": \"\/wp-content\/uploads\/2026\/04\/IMG_0292-3840x2880.jpg\",\r\n              \"_3200\": \"\/wp-content\/uploads\/2026\/04\/IMG_0292-3200x2400.jpg\",\r\n              \"_2560\": \"\/wp-content\/uploads\/2026\/04\/IMG_0292-2560x1920.jpg\",\r\n              \"_1920\": \"\/wp-content\/uploads\/2026\/04\/IMG_0292-1920x1440.jpg\",\r\n              \"_1280\": \"\/wp-content\/uploads\/2026\/04\/IMG_0292-1280x960.jpg\",\r\n              \"_1024\": \"\/wp-content\/uploads\/2026\/04\/IMG_0292-1024x768.jpg\",\r\n              \"_768\": \"\/wp-content\/uploads\/2026\/04\/IMG_0292-768x576.jpg\",\r\n              \"_512\": \"\/wp-content\/uploads\/2026\/04\/IMG_0292-512x384.jpg\",\r\n              \"_265\": \"\/wp-content\/uploads\/2026\/04\/IMG_0292-265x199.jpg\"\r\n            },\r\n            \"w\": 4032,\r\n            \"h\": 3024,\r\n            \"ar\": 0.75,\r\n            \"alt\": \"\"\r\n          },\r\n          {\r\n            \"type\": \"img\",\r\n            \"attid\": 969,\r\n            \"cont\": \"\/wp-content\/uploads\/2026\/04\/IMG_0278.jpg\",\r\n            \"sizes\": {\r\n              \"full\": \"\/wp-content\/uploads\/2026\/04\/IMG_0278.jpg\",\r\n              \"_3840\": \"\/wp-content\/uploads\/2026\/04\/IMG_0278-3840x2880.jpg\",\r\n              \"_3200\": \"\/wp-content\/uploads\/2026\/04\/IMG_0278-3200x2400.jpg\",\r\n              \"_2560\": \"\/wp-content\/uploads\/2026\/04\/IMG_0278-2560x1920.jpg\",\r\n              \"_1920\": \"\/wp-content\/uploads\/2026\/04\/IMG_0278-1920x1440.jpg\",\r\n              \"_1280\": \"\/wp-content\/uploads\/2026\/04\/IMG_0278-1280x960.jpg\",\r\n              \"_1024\": \"\/wp-content\/uploads\/2026\/04\/IMG_0278-1024x768.jpg\",\r\n              \"_768\": \"\/wp-content\/uploads\/2026\/04\/IMG_0278-768x576.jpg\",\r\n              \"_512\": \"\/wp-content\/uploads\/2026\/04\/IMG_0278-512x384.jpg\",\r\n              \"_265\": \"\/wp-content\/uploads\/2026\/04\/IMG_0278-265x199.jpg\"\r\n            },\r\n            \"w\": 4032,\r\n            \"h\": 3024,\r\n            \"ar\": 0.75,\r\n            \"alt\": \"\"\r\n          },\r\n          {\r\n            \"type\": \"img\",\r\n            \"attid\": 972,\r\n            \"cont\": \"\/wp-content\/uploads\/2026\/04\/IMG_1292.jpg\",\r\n            \"sizes\": {\r\n              \"full\": \"\/wp-content\/uploads\/2026\/04\/IMG_1292.jpg\"\r\n            },\r\n            \"w\": 6048,\r\n            \"h\": 8064,\r\n            \"ar\": 1.3333333333333333,\r\n            \"alt\": \"\"\r\n          }\r\n        ],\r\n        \"addtostart\": false\r\n      },\r\n      \"absolute_position\": false,\r\n      \"frameOverflow\": \"\"\r\n    }\r\n  ]\r\n}","phonegrid":"","jetpack_sharing_enabled":true,"_links":{"self":[{"href":"https:\/\/indiramontoya.com\/en\/wp-json\/wp\/v2\/pages\/6","targetHints":{"allow":["GET"]}}],"collection":[{"href":"https:\/\/indiramontoya.com\/en\/wp-json\/wp\/v2\/pages"}],"about":[{"href":"https:\/\/indiramontoya.com\/en\/wp-json\/wp\/v2\/types\/page"}],"author":[{"embeddable":true,"href":"https:\/\/indiramontoya.com\/en\/wp-json\/wp\/v2\/users\/1"}],"replies":[{"embeddable":true,"href":"https:\/\/indiramontoya.com\/en\/wp-json\/wp\/v2\/comments?post=6"}],"version-history":[{"count":0,"href":"https:\/\/indiramontoya.com\/en\/wp-json\/wp\/v2\/pages\/6\/revisions"}],"wp:attachment":[{"href":"https:\/\/indiramontoya.com\/en\/wp-json\/wp\/v2\/media?parent=6"}],"curies":[{"name":"wp","href":"https:\/\/api.w.org\/{rel}","templated":true}]}}